{"id":188,"date":"2017-09-28T13:50:26","date_gmt":"2017-09-28T10:50:26","guid":{"rendered":"http:\/\/themes.muffingroup.com\/be\/manicure\/shop\/"},"modified":"2021-04-30T12:14:28","modified_gmt":"2021-04-30T09:14:28","slug":"gizlilik-ve-guvenlik","status":"publish","type":"page","link":"https:\/\/charmens.com.tr\/en\/gizlilik-ve-guvenlik\/","title":{"rendered":"Gizlilik ve G\u00fcvenlik"},"content":{"rendered":"<p>Charmens.com.tr 128 bit SSL \u015fifreleme sistemi ile korunmaktad\u0131r . Sitemize kaydetmi\u015f oldu\u011funuz ki\u015fisel bilgilerinizin g\u00fcvenli\u011fi bizler i\u00e7in her \u015feyden daha \u00f6nemlidir. Charmens.com.tr&#8217;den  al\u0131\u015fveri\u015f yaparken kulland\u0131\u011f\u0131n\u0131z ki\u015fisel bilgiler (Teslimat\/Fatura adresleri, telefon numaralar\u0131, e-mail adresi vs.) ba\u015fka kurum ve kurulu\u015flarla payla\u015f\u0131lmayacakt\u0131r. Yap\u0131m\u0131z i\u00e7erisinde sadece sipari\u015f esnas\u0131nda, kolay ve h\u0131zl\u0131 giri\u015f yapman\u0131z\u0131 sa\u011flayacak olan bilgiler saklanmaktad\u0131r.<\/p><p>Sipari\u015f esnas\u0131nda bizimle payla\u015ft\u0131\u011f\u0131n\u0131z cep telefonu ve mail adresleriniz, sadece vermi\u015f oldu\u011funuz sipari\u015flerinizle ilgili bilgilerin size h\u0131zl\u0131 ve g\u00fcvenli bir \u015fekilde ula\u015fmas\u0131n\u0131 sa\u011flamak i\u00e7in kullan\u0131lacakt\u0131r. Dolay\u0131s\u0131 ile bu bilgilerin do\u011fru ve eksiksiz olmas\u0131 son derece \u00f6nemli olmaktad\u0131r.<\/p><p>Sisteme girdi\u011finiz t\u00fcm bilgilere, Charmens.com.tr haricinde sadece siz ula\u015fabilir ve bunlar\u0131 sadece siz de\u011fi\u015ftirebilirsiniz. Bir ba\u015fka \u00fcyenin sizinle ilgili bilgilere ula\u015fmas\u0131 ve bunlar\u0131 de\u011fi\u015ftirmesi m\u00fcmk\u00fcn de\u011fildir.<\/p><p>\u00dcye Kay\u0131t esnas\u0131nda sizden istenen ki\u015fisel bilgilerden; zorunlu olanlar hari\u00e7, istediklerinizi kendi arzunuz dahilinde Charmens.com.tr&#8217;den bildirebilirsiniz.<\/p><p>Charmens.com.tr&#8217;e vermeyi tercih etmeyece\u011finiz bilgiler varsa, bu alanlar\u0131 doldurmak veya i\u015faretlemek zorunda de\u011filsiniz.<\/p>","protected":false},"excerpt":{"rendered":"<p>Charmens.com.tr 128 bit SSL \u015fifreleme sistemi ile korunmaktad\u0131r . Sitemize kaydetmi\u015f oldu\u011funuz ki\u015fisel bilgilerinizin g\u00fcvenli\u011fi bizler i\u00e7in her \u015feyden daha \u00f6nemlidir. Charmens.com.tr&#8217;den al\u0131\u015fveri\u015f yaparken kulland\u0131\u011f\u0131n\u0131z ki\u015fisel<span class=\"excerpt-hellip\"> [\u2026]<\/span><\/p>","protected":false},"author":1,"featured_media":0,"parent":0,"menu_order":0,"comment_status":"closed","ping_status":"closed","template":"","meta":{"footnotes":""},"class_list":["post-188","page","type-page","status-publish","hentry"],"_links":{"self":[{"href":"https:\/\/charmens.com.tr\/en\/wp-json\/wp\/v2\/pages\/188","targetHints":{"allow":["GET"]}}],"collection":[{"href":"https:\/\/charmens.com.tr\/en\/wp-json\/wp\/v2\/pages"}],"about":[{"href":"https:\/\/charmens.com.tr\/en\/wp-json\/wp\/v2\/types\/page"}],"author":[{"embeddable":true,"href":"https:\/\/charmens.com.tr\/en\/wp-json\/wp\/v2\/users\/1"}],"replies":[{"embeddable":true,"href":"https:\/\/charmens.com.tr\/en\/wp-json\/wp\/v2\/comments?post=188"}],"version-history":[{"count":5,"href":"https:\/\/charmens.com.tr\/en\/wp-json\/wp\/v2\/pages\/188\/revisions"}],"predecessor-version":[{"id":413,"href":"https:\/\/charmens.com.tr\/en\/wp-json\/wp\/v2\/pages\/188\/revisions\/413"}],"wp:attachment":[{"href":"https:\/\/charmens.com.tr\/en\/wp-json\/wp\/v2\/media?parent=188"}],"curies":[{"name":"wp","href":"https:\/\/api.w.org\/{rel}","templated":true}]}}