{"id":11,"date":"2018-06-23T23:20:27","date_gmt":"2018-06-23T20:20:27","guid":{"rendered":"http:\/\/www.charmens.com.tr\/?post_type=product&#038;p=11"},"modified":"2023-12-18T17:17:29","modified_gmt":"2023-12-18T14:17:29","slug":"charmens-for-women","status":"publish","type":"product","link":"https:\/\/charmens.com.tr\/en\/product\/charmens-for-women\/","title":{"rendered":"Charmens For Women &#8211; 50 ml"},"content":{"rendered":"<p>Kendini hissettirmek isteyen bayanlara, do\u011fan\u0131n en taze kokular\u0131&#8230;<\/p>\n<p>41 \u00e7e\u015fit kad\u0131n parf\u00fcm<\/p>","protected":false},"excerpt":{"rendered":"<p>Kendini hissettirmek isteyen bayanlara, do\u011fan\u0131n en taze kokular\u0131&#8230;<\/p>","protected":false},"featured_media":402,"comment_status":"open","ping_status":"closed","template":"","meta":[],"product_brand":[],"product_cat":[21],"product_tag":[31,28,29],"class_list":{"0":"post-11","1":"product","2":"type-product","3":"status-publish","4":"has-post-thumbnail","6":"product_cat-bayan-parfum","7":"product_tag-kadin-parfum","8":"product_tag-parfum","9":"product_tag-perfume","11":"first","12":"outofstock","13":"sale","14":"shipping-taxable","15":"purchasable","16":"product-type-simple"},"_links":{"self":[{"href":"https:\/\/charmens.com.tr\/en\/wp-json\/wp\/v2\/product\/11","targetHints":{"allow":["GET"]}}],"collection":[{"href":"https:\/\/charmens.com.tr\/en\/wp-json\/wp\/v2\/product"}],"about":[{"href":"https:\/\/charmens.com.tr\/en\/wp-json\/wp\/v2\/types\/product"}],"replies":[{"embeddable":true,"href":"https:\/\/charmens.com.tr\/en\/wp-json\/wp\/v2\/comments?post=11"}],"wp:featuredmedia":[{"embeddable":true,"href":"https:\/\/charmens.com.tr\/en\/wp-json\/wp\/v2\/media\/402"}],"wp:attachment":[{"href":"https:\/\/charmens.com.tr\/en\/wp-json\/wp\/v2\/media?parent=11"}],"wp:term":[{"taxonomy":"product_brand","embeddable":true,"href":"https:\/\/charmens.com.tr\/en\/wp-json\/wp\/v2\/product_brand?post=11"},{"taxonomy":"product_cat","embeddable":true,"href":"https:\/\/charmens.com.tr\/en\/wp-json\/wp\/v2\/product_cat?post=11"},{"taxonomy":"product_tag","embeddable":true,"href":"https:\/\/charmens.com.tr\/en\/wp-json\/wp\/v2\/product_tag?post=11"}],"curies":[{"name":"wp","href":"https:\/\/api.w.org\/{rel}","templated":true}]}}