{"id":274,"date":"2021-03-17T19:27:24","date_gmt":"2021-03-17T16:27:24","guid":{"rendered":"https:\/\/charmens.com.tr\/?post_type=product&#038;p=274"},"modified":"2023-12-18T17:17:05","modified_gmt":"2023-12-18T14:17:05","slug":"charmens-arac-kokusu","status":"publish","type":"product","link":"https:\/\/charmens.com.tr\/en\/product\/charmens-arac-kokusu\/","title":{"rendered":"Ara\u00e7 Kokusu &#8211; Magnolia Cherry &#8211; 8 ml"},"content":{"rendered":"<p>Cherry:Sonbahar\u0131n esans\u0131; yeni olgunla\u015fm\u0131\u015f meyvelerin duyular\u0131 harekete ge\u00e7iren tazeli\u011fiyle harmanlanm\u0131\u015f fresh bir kokudur.<\/p>\n<p>Otomobilinizin taze ve do\u011fal kokmas\u0131n\u0131 istiyorsan\u0131z Charmens&#8217;i deneyin<\/p>\n<p>Y\u00fcksek esans kalitesi ile koklamaya doyamayacaks\u0131n\u0131z<\/p>","protected":false},"excerpt":{"rendered":"<p>Y\u00fcksek esans kalitesi ile koklamaya doyamayacaks\u0131n\u0131z<\/p>","protected":false},"featured_media":376,"comment_status":"open","ping_status":"closed","template":"","meta":[],"product_brand":[],"product_cat":[32],"product_tag":[],"class_list":{"0":"post-274","1":"product","2":"type-product","3":"status-publish","4":"has-post-thumbnail","6":"product_cat-arac-kokusu","8":"first","9":"outofstock","10":"sale","11":"shipping-taxable","12":"purchasable","13":"product-type-simple"},"_links":{"self":[{"href":"https:\/\/charmens.com.tr\/en\/wp-json\/wp\/v2\/product\/274","targetHints":{"allow":["GET"]}}],"collection":[{"href":"https:\/\/charmens.com.tr\/en\/wp-json\/wp\/v2\/product"}],"about":[{"href":"https:\/\/charmens.com.tr\/en\/wp-json\/wp\/v2\/types\/product"}],"replies":[{"embeddable":true,"href":"https:\/\/charmens.com.tr\/en\/wp-json\/wp\/v2\/comments?post=274"}],"wp:featuredmedia":[{"embeddable":true,"href":"https:\/\/charmens.com.tr\/en\/wp-json\/wp\/v2\/media\/376"}],"wp:attachment":[{"href":"https:\/\/charmens.com.tr\/en\/wp-json\/wp\/v2\/media?parent=274"}],"wp:term":[{"taxonomy":"product_brand","embeddable":true,"href":"https:\/\/charmens.com.tr\/en\/wp-json\/wp\/v2\/product_brand?post=274"},{"taxonomy":"product_cat","embeddable":true,"href":"https:\/\/charmens.com.tr\/en\/wp-json\/wp\/v2\/product_cat?post=274"},{"taxonomy":"product_tag","embeddable":true,"href":"https:\/\/charmens.com.tr\/en\/wp-json\/wp\/v2\/product_tag?post=274"}],"curies":[{"name":"wp","href":"https:\/\/api.w.org\/{rel}","templated":true}]}}