{"id":336,"date":"2021-04-25T15:12:52","date_gmt":"2021-04-25T12:12:52","guid":{"rendered":"https:\/\/charmens.com.tr\/?post_type=product&#038;p=336"},"modified":"2023-12-18T16:39:11","modified_gmt":"2023-12-18T13:39:11","slug":"charmens-vanilla-bambu-oda-kokusu-50-ml","status":"publish","type":"product","link":"https:\/\/charmens.com.tr\/en\/product\/charmens-vanilla-bambu-oda-kokusu-50-ml\/","title":{"rendered":"Vanilla Bambu Oda Kokusu &#8211; 50 ml"},"content":{"rendered":"<p>E\u015fsiz vanilya \u00f6zleri ile harmanlanm\u0131\u015f tatl\u0131 bir kokudur.Vanilya kokusu rahatl\u0131k ve s\u0131cakl\u0131k hissi uyand\u0131r\u0131rken ayn\u0131 zamanda ortama romantik dokunu\u015flar sa\u011flar.<\/p>\n<p>&nbsp;<\/p>\n<p><strong>Kutu \u0130\u00e7eri\u011fi:<br \/>\n<\/strong><\/p>\n<ul>\n<li>1 adet 50 ml koku<\/li>\n<li>4 adet fiber \u00e7ubuk<\/li>\n<\/ul>","protected":false},"excerpt":{"rendered":"<p>E\u015fsiz vanilya \u00f6zleri ile harmanlanm\u0131\u015f tatl\u0131 bir kokudur.Vanilya kokusu rahatl\u0131k ve s\u0131cakl\u0131k hissi uyand\u0131r\u0131rken ayn\u0131 zamanda ortama romantik dokunu\u015flar sa\u011flar. &nbsp; Kutu \u0130\u00e7eri\u011fi: 1 adet 50<span class=\"excerpt-hellip\"> [\u2026]<\/span><\/p>","protected":false},"featured_media":356,"comment_status":"closed","ping_status":"closed","template":"","meta":[],"product_brand":[],"product_cat":[33],"product_tag":[],"class_list":{"0":"post-336","1":"product","2":"type-product","3":"status-publish","4":"has-post-thumbnail","6":"product_cat-oda-kokusu","8":"first","9":"outofstock","10":"sale","11":"shipping-taxable","12":"purchasable","13":"product-type-simple"},"_links":{"self":[{"href":"https:\/\/charmens.com.tr\/en\/wp-json\/wp\/v2\/product\/336","targetHints":{"allow":["GET"]}}],"collection":[{"href":"https:\/\/charmens.com.tr\/en\/wp-json\/wp\/v2\/product"}],"about":[{"href":"https:\/\/charmens.com.tr\/en\/wp-json\/wp\/v2\/types\/product"}],"replies":[{"embeddable":true,"href":"https:\/\/charmens.com.tr\/en\/wp-json\/wp\/v2\/comments?post=336"}],"wp:featuredmedia":[{"embeddable":true,"href":"https:\/\/charmens.com.tr\/en\/wp-json\/wp\/v2\/media\/356"}],"wp:attachment":[{"href":"https:\/\/charmens.com.tr\/en\/wp-json\/wp\/v2\/media?parent=336"}],"wp:term":[{"taxonomy":"product_brand","embeddable":true,"href":"https:\/\/charmens.com.tr\/en\/wp-json\/wp\/v2\/product_brand?post=336"},{"taxonomy":"product_cat","embeddable":true,"href":"https:\/\/charmens.com.tr\/en\/wp-json\/wp\/v2\/product_cat?post=336"},{"taxonomy":"product_tag","embeddable":true,"href":"https:\/\/charmens.com.tr\/en\/wp-json\/wp\/v2\/product_tag?post=336"}],"curies":[{"name":"wp","href":"https:\/\/api.w.org\/{rel}","templated":true}]}}