{"id":361,"date":"2021-04-25T15:14:03","date_gmt":"2021-04-25T12:14:03","guid":{"rendered":"https:\/\/charmens.com.tr\/?post_type=product&#038;p=361"},"modified":"2023-12-18T16:38:54","modified_gmt":"2023-12-18T13:38:54","slug":"charmens-sandal-bambu-oda-kokusu-50-ml","status":"publish","type":"product","link":"https:\/\/charmens.com.tr\/en\/product\/charmens-sandal-bambu-oda-kokusu-50-ml\/","title":{"rendered":"Sandal Bambu Oda Kokusu &#8211; 50 ml"},"content":{"rendered":"<p>En k\u0131ymetli a\u011fa\u00e7lardan olan sandal a\u011fac\u0131 \u00f6zleri ile harmanlanm\u0131\u015f nazik ve rahatlat\u0131c\u0131 bir kokudur.<\/p>\n<p>&nbsp;<\/p>\n<p><strong>Kutu \u0130\u00e7eri\u011fi:<br \/>\n<\/strong><\/p>\n<ul>\n<li>1 adet 50 ml koku<\/li>\n<li>4 adet fiber \u00e7ubuk<\/li>\n<\/ul>","protected":false},"excerpt":{"rendered":"<p>En k\u0131ymetli a\u011fa\u00e7lardan olan sandal a\u011fac\u0131 \u00f6zleri ile harmanlanm\u0131\u015f nazik ve rahatlat\u0131c\u0131 bir kokudur. &nbsp; Kutu \u0130\u00e7eri\u011fi: 1 adet 50 ml koku 4 adet fiber \u00e7ubuk<\/p>","protected":false},"featured_media":350,"comment_status":"closed","ping_status":"closed","template":"","meta":[],"product_brand":[],"product_cat":[33],"product_tag":[],"class_list":{"0":"post-361","1":"product","2":"type-product","3":"status-publish","4":"has-post-thumbnail","6":"product_cat-oda-kokusu","8":"first","9":"outofstock","10":"sale","11":"shipping-taxable","12":"purchasable","13":"product-type-simple"},"_links":{"self":[{"href":"https:\/\/charmens.com.tr\/en\/wp-json\/wp\/v2\/product\/361","targetHints":{"allow":["GET"]}}],"collection":[{"href":"https:\/\/charmens.com.tr\/en\/wp-json\/wp\/v2\/product"}],"about":[{"href":"https:\/\/charmens.com.tr\/en\/wp-json\/wp\/v2\/types\/product"}],"replies":[{"embeddable":true,"href":"https:\/\/charmens.com.tr\/en\/wp-json\/wp\/v2\/comments?post=361"}],"wp:featuredmedia":[{"embeddable":true,"href":"https:\/\/charmens.com.tr\/en\/wp-json\/wp\/v2\/media\/350"}],"wp:attachment":[{"href":"https:\/\/charmens.com.tr\/en\/wp-json\/wp\/v2\/media?parent=361"}],"wp:term":[{"taxonomy":"product_brand","embeddable":true,"href":"https:\/\/charmens.com.tr\/en\/wp-json\/wp\/v2\/product_brand?post=361"},{"taxonomy":"product_cat","embeddable":true,"href":"https:\/\/charmens.com.tr\/en\/wp-json\/wp\/v2\/product_cat?post=361"},{"taxonomy":"product_tag","embeddable":true,"href":"https:\/\/charmens.com.tr\/en\/wp-json\/wp\/v2\/product_tag?post=361"}],"curies":[{"name":"wp","href":"https:\/\/api.w.org\/{rel}","templated":true}]}}