{"id":363,"date":"2021-04-25T15:18:59","date_gmt":"2021-04-25T12:18:59","guid":{"rendered":"https:\/\/charmens.com.tr\/?post_type=product&#038;p=363"},"modified":"2023-12-18T16:37:43","modified_gmt":"2023-12-18T13:37:43","slug":"charmens-jasmine-bambu-oda-kokusu-50-ml","status":"publish","type":"product","link":"https:\/\/charmens.com.tr\/en\/product\/charmens-jasmine-bambu-oda-kokusu-50-ml\/","title":{"rendered":"Jasmine Bambu Oda Kokusu &#8211; 50 ml"},"content":{"rendered":"<p>G\u00f6lgelenmi\u015f ormanl\u0131k arazide \u00e7i\u00e7ek a\u00e7an bir parlak safir nazikli\u011findedir.Yasemin, yabang\u00fcl\u00fc ve hurma ile harmanlanm\u0131\u015f yaseminin narin bir kokusudur.<\/p>\n<p>&nbsp;<\/p>\n<p><strong>Kutu \u0130\u00e7eri\u011fi:<br \/>\n<\/strong><\/p>\n<ul>\n<li>1 adet 50 ml koku<\/li>\n<li>4 adet fiber \u00e7ubuk<\/li>\n<\/ul>","protected":false},"excerpt":{"rendered":"<p>G\u00f6lgelenmi\u015f ormanl\u0131k arazide \u00e7i\u00e7ek a\u00e7an bir parlak safir nazikli\u011findedir.Yasemin, yabang\u00fcl\u00fc ve hurma ile harmanlanm\u0131\u015f yaseminin narin bir kokusudur. &nbsp; Kutu \u0130\u00e7eri\u011fi: 1 adet 50 ml koku<span class=\"excerpt-hellip\"> [\u2026]<\/span><\/p>","protected":false},"featured_media":337,"comment_status":"closed","ping_status":"closed","template":"","meta":[],"product_brand":[],"product_cat":[33],"product_tag":[],"class_list":{"0":"post-363","1":"product","2":"type-product","3":"status-publish","4":"has-post-thumbnail","6":"product_cat-oda-kokusu","8":"first","9":"outofstock","10":"sale","11":"shipping-taxable","12":"purchasable","13":"product-type-simple"},"_links":{"self":[{"href":"https:\/\/charmens.com.tr\/en\/wp-json\/wp\/v2\/product\/363","targetHints":{"allow":["GET"]}}],"collection":[{"href":"https:\/\/charmens.com.tr\/en\/wp-json\/wp\/v2\/product"}],"about":[{"href":"https:\/\/charmens.com.tr\/en\/wp-json\/wp\/v2\/types\/product"}],"replies":[{"embeddable":true,"href":"https:\/\/charmens.com.tr\/en\/wp-json\/wp\/v2\/comments?post=363"}],"wp:featuredmedia":[{"embeddable":true,"href":"https:\/\/charmens.com.tr\/en\/wp-json\/wp\/v2\/media\/337"}],"wp:attachment":[{"href":"https:\/\/charmens.com.tr\/en\/wp-json\/wp\/v2\/media?parent=363"}],"wp:term":[{"taxonomy":"product_brand","embeddable":true,"href":"https:\/\/charmens.com.tr\/en\/wp-json\/wp\/v2\/product_brand?post=363"},{"taxonomy":"product_cat","embeddable":true,"href":"https:\/\/charmens.com.tr\/en\/wp-json\/wp\/v2\/product_cat?post=363"},{"taxonomy":"product_tag","embeddable":true,"href":"https:\/\/charmens.com.tr\/en\/wp-json\/wp\/v2\/product_tag?post=363"}],"curies":[{"name":"wp","href":"https:\/\/api.w.org\/{rel}","templated":true}]}}