{"id":364,"date":"2021-04-25T15:20:26","date_gmt":"2021-04-25T12:20:26","guid":{"rendered":"https:\/\/charmens.com.tr\/?post_type=product&#038;p=364"},"modified":"2023-12-18T16:37:13","modified_gmt":"2023-12-18T13:37:13","slug":"charmens-oud-amor-bambu-oda-kokusu-50-ml","status":"publish","type":"product","link":"https:\/\/charmens.com.tr\/en\/product\/charmens-oud-amor-bambu-oda-kokusu-50-ml\/","title":{"rendered":"Oud Amor Bambu Oda Kokusu &#8211; 50 ml"},"content":{"rendered":"<p>En de\u011ferli odunsu ve kehribar notalarla a\u015fk\u0131n notas\u0131 olan en de\u011ferli g\u00fcller ile harmanlanm\u0131\u015f feminen bir kokudur.<\/p>\n<p><strong>Kutu \u0130\u00e7eri\u011fi:<br \/>\n<\/strong><\/p>\n<ul>\n<li>1 adet 50 ml koku<\/li>\n<li>4 adet fiber \u00e7ubuk<\/li>\n<\/ul>","protected":false},"excerpt":{"rendered":"<p>En de\u011ferli odunsu ve kehribar notalarla a\u015fk\u0131n notas\u0131 olan en de\u011ferli g\u00fcller ile harmanlanm\u0131\u015f feminen bir kokudur. Kutu \u0130\u00e7eri\u011fi: 1 adet 50 ml koku 4 adet<span class=\"excerpt-hellip\"> [\u2026]<\/span><\/p>","protected":false},"featured_media":347,"comment_status":"closed","ping_status":"closed","template":"","meta":[],"product_brand":[],"product_cat":[33],"product_tag":[],"class_list":{"0":"post-364","1":"product","2":"type-product","3":"status-publish","4":"has-post-thumbnail","6":"product_cat-oda-kokusu","8":"first","9":"outofstock","10":"sale","11":"shipping-taxable","12":"purchasable","13":"product-type-simple"},"_links":{"self":[{"href":"https:\/\/charmens.com.tr\/en\/wp-json\/wp\/v2\/product\/364","targetHints":{"allow":["GET"]}}],"collection":[{"href":"https:\/\/charmens.com.tr\/en\/wp-json\/wp\/v2\/product"}],"about":[{"href":"https:\/\/charmens.com.tr\/en\/wp-json\/wp\/v2\/types\/product"}],"replies":[{"embeddable":true,"href":"https:\/\/charmens.com.tr\/en\/wp-json\/wp\/v2\/comments?post=364"}],"wp:featuredmedia":[{"embeddable":true,"href":"https:\/\/charmens.com.tr\/en\/wp-json\/wp\/v2\/media\/347"}],"wp:attachment":[{"href":"https:\/\/charmens.com.tr\/en\/wp-json\/wp\/v2\/media?parent=364"}],"wp:term":[{"taxonomy":"product_brand","embeddable":true,"href":"https:\/\/charmens.com.tr\/en\/wp-json\/wp\/v2\/product_brand?post=364"},{"taxonomy":"product_cat","embeddable":true,"href":"https:\/\/charmens.com.tr\/en\/wp-json\/wp\/v2\/product_cat?post=364"},{"taxonomy":"product_tag","embeddable":true,"href":"https:\/\/charmens.com.tr\/en\/wp-json\/wp\/v2\/product_tag?post=364"}],"curies":[{"name":"wp","href":"https:\/\/api.w.org\/{rel}","templated":true}]}}