{"id":383,"date":"2021-04-25T15:45:45","date_gmt":"2021-04-25T12:45:45","guid":{"rendered":"https:\/\/charmens.com.tr\/?post_type=product&#038;p=383"},"modified":"2023-12-18T16:36:17","modified_gmt":"2023-12-18T13:36:17","slug":"arac-kokusu-vanilla-8-ml","status":"publish","type":"product","link":"https:\/\/charmens.com.tr\/en\/product\/arac-kokusu-vanilla-8-ml\/","title":{"rendered":"Ara\u00e7 Kokusu &#8211; Vanilla &#8211; 8 ml"},"content":{"rendered":"<p>Vanilla: E\u015fsiz vanilya \u00f6zleri ile harmanlanm\u0131\u015f tatl\u0131 bir kokudur.Vanilya kokusu rahatl\u0131k ve s\u0131cakl\u0131k hissi uyand\u0131r\u0131rken ayn\u0131 zamanda ortama romantik dokunu\u015flar sa\u011flar.<\/p>","protected":false},"excerpt":{"rendered":"<p>Vanilla: E\u015fsiz vanilya \u00f6zleri ile harmanlanm\u0131\u015f tatl\u0131 bir kokudur.Vanilya kokusu rahatl\u0131k ve s\u0131cakl\u0131k hissi uyand\u0131r\u0131rken ayn\u0131 zamanda ortama romantik dokunu\u015flar sa\u011flar.<\/p>","protected":false},"featured_media":371,"comment_status":"closed","ping_status":"closed","template":"","meta":[],"product_brand":[],"product_cat":[32],"product_tag":[],"class_list":{"0":"post-383","1":"product","2":"type-product","3":"status-publish","4":"has-post-thumbnail","6":"product_cat-arac-kokusu","8":"first","9":"outofstock","10":"sale","11":"shipping-taxable","12":"purchasable","13":"product-type-simple"},"_links":{"self":[{"href":"https:\/\/charmens.com.tr\/en\/wp-json\/wp\/v2\/product\/383","targetHints":{"allow":["GET"]}}],"collection":[{"href":"https:\/\/charmens.com.tr\/en\/wp-json\/wp\/v2\/product"}],"about":[{"href":"https:\/\/charmens.com.tr\/en\/wp-json\/wp\/v2\/types\/product"}],"replies":[{"embeddable":true,"href":"https:\/\/charmens.com.tr\/en\/wp-json\/wp\/v2\/comments?post=383"}],"wp:featuredmedia":[{"embeddable":true,"href":"https:\/\/charmens.com.tr\/en\/wp-json\/wp\/v2\/media\/371"}],"wp:attachment":[{"href":"https:\/\/charmens.com.tr\/en\/wp-json\/wp\/v2\/media?parent=383"}],"wp:term":[{"taxonomy":"product_brand","embeddable":true,"href":"https:\/\/charmens.com.tr\/en\/wp-json\/wp\/v2\/product_brand?post=383"},{"taxonomy":"product_cat","embeddable":true,"href":"https:\/\/charmens.com.tr\/en\/wp-json\/wp\/v2\/product_cat?post=383"},{"taxonomy":"product_tag","embeddable":true,"href":"https:\/\/charmens.com.tr\/en\/wp-json\/wp\/v2\/product_tag?post=383"}],"curies":[{"name":"wp","href":"https:\/\/api.w.org\/{rel}","templated":true}]}}