{"id":384,"date":"2021-04-25T15:47:05","date_gmt":"2021-04-25T12:47:05","guid":{"rendered":"https:\/\/charmens.com.tr\/?post_type=product&#038;p=384"},"modified":"2023-12-18T16:36:08","modified_gmt":"2023-12-18T13:36:08","slug":"arac-kokusu-jasmine-8-ml","status":"publish","type":"product","link":"https:\/\/charmens.com.tr\/en\/product\/arac-kokusu-jasmine-8-ml\/","title":{"rendered":"Ara\u00e7 Kokusu &#8211; Jasmine &#8211; 8 ml"},"content":{"rendered":"<p>G\u00f6lgelenmi\u015f ormanl\u0131k arazide \u00e7i\u00e7ek a\u00e7an bir parlak safir nazikli\u011findedir.Yasemin, yabang\u00fcl\u00fc ve hurma ile harmanlanm\u0131\u015f yaseminin narin bir kokusudur.<\/p>","protected":false},"excerpt":{"rendered":"<p>G\u00f6lgelenmi\u015f ormanl\u0131k arazide \u00e7i\u00e7ek a\u00e7an bir parlak safir nazikli\u011findedir.Yasemin, yabang\u00fcl\u00fc ve hurma ile harmanlanm\u0131\u015f yaseminin narin bir kokusudur.<\/p>","protected":false},"featured_media":373,"comment_status":"closed","ping_status":"closed","template":"","meta":[],"product_brand":[],"product_cat":[32],"product_tag":[],"class_list":{"0":"post-384","1":"product","2":"type-product","3":"status-publish","4":"has-post-thumbnail","6":"product_cat-arac-kokusu","8":"first","9":"outofstock","10":"sale","11":"shipping-taxable","12":"purchasable","13":"product-type-simple"},"_links":{"self":[{"href":"https:\/\/charmens.com.tr\/en\/wp-json\/wp\/v2\/product\/384","targetHints":{"allow":["GET"]}}],"collection":[{"href":"https:\/\/charmens.com.tr\/en\/wp-json\/wp\/v2\/product"}],"about":[{"href":"https:\/\/charmens.com.tr\/en\/wp-json\/wp\/v2\/types\/product"}],"replies":[{"embeddable":true,"href":"https:\/\/charmens.com.tr\/en\/wp-json\/wp\/v2\/comments?post=384"}],"wp:featuredmedia":[{"embeddable":true,"href":"https:\/\/charmens.com.tr\/en\/wp-json\/wp\/v2\/media\/373"}],"wp:attachment":[{"href":"https:\/\/charmens.com.tr\/en\/wp-json\/wp\/v2\/media?parent=384"}],"wp:term":[{"taxonomy":"product_brand","embeddable":true,"href":"https:\/\/charmens.com.tr\/en\/wp-json\/wp\/v2\/product_brand?post=384"},{"taxonomy":"product_cat","embeddable":true,"href":"https:\/\/charmens.com.tr\/en\/wp-json\/wp\/v2\/product_cat?post=384"},{"taxonomy":"product_tag","embeddable":true,"href":"https:\/\/charmens.com.tr\/en\/wp-json\/wp\/v2\/product_tag?post=384"}],"curies":[{"name":"wp","href":"https:\/\/api.w.org\/{rel}","templated":true}]}}