{"id":385,"date":"2021-04-25T15:48:08","date_gmt":"2021-04-25T12:48:08","guid":{"rendered":"https:\/\/charmens.com.tr\/?post_type=product&#038;p=385"},"modified":"2023-12-18T16:35:55","modified_gmt":"2023-12-18T13:35:55","slug":"arac-kokusu-ocean-8-ml","status":"publish","type":"product","link":"https:\/\/charmens.com.tr\/en\/product\/arac-kokusu-ocean-8-ml\/","title":{"rendered":"Ara\u00e7 Kokusu &#8211; Ocean &#8211; 8 ml"},"content":{"rendered":"<p>Ocean:Pasifik okyanusunun ferahlat\u0131c\u0131 \u00f6zleri ile harmanlanm\u0131\u015f nazik bir kokudur.<\/p>","protected":false},"excerpt":{"rendered":"<p>Ocean:Pasifik okyanusunun ferahlat\u0131c\u0131 \u00f6zleri ile harmanlanm\u0131\u015f nazik bir kokudur.<\/p>","protected":false},"featured_media":378,"comment_status":"closed","ping_status":"closed","template":"","meta":[],"product_brand":[],"product_cat":[32],"product_tag":[],"class_list":{"0":"post-385","1":"product","2":"type-product","3":"status-publish","4":"has-post-thumbnail","6":"product_cat-arac-kokusu","8":"first","9":"outofstock","10":"sale","11":"shipping-taxable","12":"purchasable","13":"product-type-simple"},"_links":{"self":[{"href":"https:\/\/charmens.com.tr\/en\/wp-json\/wp\/v2\/product\/385","targetHints":{"allow":["GET"]}}],"collection":[{"href":"https:\/\/charmens.com.tr\/en\/wp-json\/wp\/v2\/product"}],"about":[{"href":"https:\/\/charmens.com.tr\/en\/wp-json\/wp\/v2\/types\/product"}],"replies":[{"embeddable":true,"href":"https:\/\/charmens.com.tr\/en\/wp-json\/wp\/v2\/comments?post=385"}],"wp:featuredmedia":[{"embeddable":true,"href":"https:\/\/charmens.com.tr\/en\/wp-json\/wp\/v2\/media\/378"}],"wp:attachment":[{"href":"https:\/\/charmens.com.tr\/en\/wp-json\/wp\/v2\/media?parent=385"}],"wp:term":[{"taxonomy":"product_brand","embeddable":true,"href":"https:\/\/charmens.com.tr\/en\/wp-json\/wp\/v2\/product_brand?post=385"},{"taxonomy":"product_cat","embeddable":true,"href":"https:\/\/charmens.com.tr\/en\/wp-json\/wp\/v2\/product_cat?post=385"},{"taxonomy":"product_tag","embeddable":true,"href":"https:\/\/charmens.com.tr\/en\/wp-json\/wp\/v2\/product_tag?post=385"}],"curies":[{"name":"wp","href":"https:\/\/api.w.org\/{rel}","templated":true}]}}