{"id":465,"date":"2021-05-20T12:51:37","date_gmt":"2021-05-20T09:51:37","guid":{"rendered":"https:\/\/charmens.com.tr\/?post_type=product&#038;p=465"},"modified":"2023-12-18T16:34:35","modified_gmt":"2023-12-18T13:34:35","slug":"limon-kolonyasi-80-1-lt","status":"publish","type":"product","link":"https:\/\/charmens.com.tr\/en\/product\/limon-kolonyasi-80-1-lt\/","title":{"rendered":"Limon Kolonyas\u0131 80\u00b0- 1 Lt"},"content":{"rendered":"<p>Hassas cilt dokusuna asla zarar vermez. K\u0131zar\u0131kl\u0131k veya tahri\u015f gibi herhangi bir sorun ya\u015fatmaz.<\/p>\n<p>Sprey ba\u015fl\u0131\u011f\u0131 sayesinde son derece ergonomik bir \u015fekilde uygulanan yap\u0131s\u0131 zahmetsiz bir deneyim sunar. Dayan\u0131kl\u0131 yap\u0131s\u0131 sayesinde, sprey ba\u015fl\u0131k kolay kolay bozulmaz ve kolonyay\u0131 en etkili \u015fekilde p\u00fcsk\u00fcrtebilir.<\/p>\n<p>\u00c7ocuklar\u0131n eri\u015febilece\u011fi alanlardan uzak tuttunuz.<\/p>\n<p>80 derece limon kolonyas\u0131d\u0131r.<\/p>","protected":false},"excerpt":{"rendered":"<p>Hassas cilt dokusuna asla zarar vermez. K\u0131zar\u0131kl\u0131k veya tahri\u015f gibi herhangi bir sorun ya\u015fatmaz. Sprey ba\u015fl\u0131\u011f\u0131 sayesinde son derece ergonomik bir \u015fekilde uygulanan yap\u0131s\u0131 zahmetsiz bir<span class=\"excerpt-hellip\"> [\u2026]<\/span><\/p>","protected":false},"featured_media":468,"comment_status":"closed","ping_status":"closed","template":"","meta":[],"product_brand":[],"product_cat":[50],"product_tag":[],"class_list":{"0":"post-465","1":"product","2":"type-product","3":"status-publish","4":"has-post-thumbnail","6":"product_cat-kolonya","8":"first","9":"outofstock","10":"sale","11":"shipping-taxable","12":"purchasable","13":"product-type-simple"},"_links":{"self":[{"href":"https:\/\/charmens.com.tr\/en\/wp-json\/wp\/v2\/product\/465","targetHints":{"allow":["GET"]}}],"collection":[{"href":"https:\/\/charmens.com.tr\/en\/wp-json\/wp\/v2\/product"}],"about":[{"href":"https:\/\/charmens.com.tr\/en\/wp-json\/wp\/v2\/types\/product"}],"replies":[{"embeddable":true,"href":"https:\/\/charmens.com.tr\/en\/wp-json\/wp\/v2\/comments?post=465"}],"wp:featuredmedia":[{"embeddable":true,"href":"https:\/\/charmens.com.tr\/en\/wp-json\/wp\/v2\/media\/468"}],"wp:attachment":[{"href":"https:\/\/charmens.com.tr\/en\/wp-json\/wp\/v2\/media?parent=465"}],"wp:term":[{"taxonomy":"product_brand","embeddable":true,"href":"https:\/\/charmens.com.tr\/en\/wp-json\/wp\/v2\/product_brand?post=465"},{"taxonomy":"product_cat","embeddable":true,"href":"https:\/\/charmens.com.tr\/en\/wp-json\/wp\/v2\/product_cat?post=465"},{"taxonomy":"product_tag","embeddable":true,"href":"https:\/\/charmens.com.tr\/en\/wp-json\/wp\/v2\/product_tag?post=465"}],"curies":[{"name":"wp","href":"https:\/\/api.w.org\/{rel}","templated":true}]}}