{"id":530,"date":"2025-11-30T22:39:51","date_gmt":"2025-11-30T19:39:51","guid":{"rendered":"https:\/\/charmens.com.tr\/?post_type=product&#038;p=530"},"modified":"2025-11-30T22:39:51","modified_gmt":"2025-11-30T19:39:51","slug":"sandal-cubuklu-oda-kokusu-110-ml","status":"publish","type":"product","link":"https:\/\/charmens.com.tr\/en\/product\/sandal-cubuklu-oda-kokusu-110-ml\/","title":{"rendered":"SANDAL &#8211; \u00c7UBUKLU ODA KOKUSU 110 ML"},"content":{"rendered":"<p>\u00dcR\u00dcN\u00dcM\u00dcZ PAKET \u0130\u00c7ER\u0130S\u0130NDEN 110 ML CAM \u015e\u0130\u015eEDE 4 \u00c7UBUK \u0130LE BERABER \u00c7IKMAKTADIR. 4 \u00c7UBUK \u0130LE ORTALAMA 3-5 HAFTA Y\u00dcKSEK PERFORMANSTA KOKU YAYMAKTADIR.<\/p>\n<p>ODUNSU KOKU SEVERLER TARAFINDAN \u00d6ZELL\u0130KLE TERC\u0130H ED\u0130L\u0130R.<\/p>","protected":false},"excerpt":{"rendered":"<p>CHARMENS- SANDAL \u00c7UBUKLU ODA KOKUSU 110 ML<\/p>","protected":false},"featured_media":533,"comment_status":"closed","ping_status":"closed","template":"","meta":[],"product_brand":[51],"product_cat":[15,33],"product_tag":[54,55,52,53],"class_list":{"0":"post-530","1":"product","2":"type-product","3":"status-publish","4":"has-post-thumbnail","6":"product_brand-charmens","7":"product_cat-fragrance","8":"product_cat-oda-kokusu","9":"product_tag-bambu-oda-kokusu","10":"product_tag-cubuklu-oda-kokusu","11":"product_tag-oda-kokusu","12":"product_tag-sandal","14":"first","15":"instock","16":"sale","17":"shipping-taxable","18":"purchasable","19":"product-type-simple"},"_links":{"self":[{"href":"https:\/\/charmens.com.tr\/en\/wp-json\/wp\/v2\/product\/530","targetHints":{"allow":["GET"]}}],"collection":[{"href":"https:\/\/charmens.com.tr\/en\/wp-json\/wp\/v2\/product"}],"about":[{"href":"https:\/\/charmens.com.tr\/en\/wp-json\/wp\/v2\/types\/product"}],"replies":[{"embeddable":true,"href":"https:\/\/charmens.com.tr\/en\/wp-json\/wp\/v2\/comments?post=530"}],"wp:featuredmedia":[{"embeddable":true,"href":"https:\/\/charmens.com.tr\/en\/wp-json\/wp\/v2\/media\/533"}],"wp:attachment":[{"href":"https:\/\/charmens.com.tr\/en\/wp-json\/wp\/v2\/media?parent=530"}],"wp:term":[{"taxonomy":"product_brand","embeddable":true,"href":"https:\/\/charmens.com.tr\/en\/wp-json\/wp\/v2\/product_brand?post=530"},{"taxonomy":"product_cat","embeddable":true,"href":"https:\/\/charmens.com.tr\/en\/wp-json\/wp\/v2\/product_cat?post=530"},{"taxonomy":"product_tag","embeddable":true,"href":"https:\/\/charmens.com.tr\/en\/wp-json\/wp\/v2\/product_tag?post=530"}],"curies":[{"name":"wp","href":"https:\/\/api.w.org\/{rel}","templated":true}]}}