{"id":90,"date":"2013-06-07T11:35:18","date_gmt":"2013-06-07T08:35:18","guid":{"rendered":"http:\/\/demo.woothemes.com\/woocommerce\/?post_type=product&#038;p=90"},"modified":"2021-05-01T14:32:19","modified_gmt":"2021-05-01T11:32:19","slug":"charmens-for-men-pen","status":"publish","type":"product","link":"https:\/\/charmens.com.tr\/en\/product\/charmens-for-men-pen\/","title":{"rendered":"Charmens for men &#8211;  &#8211; Kalem Parf\u00fcm  &#8211; 50 ml"},"content":{"rendered":"<p>Kendini g\u00fc\u00e7l\u00fc ve do\u011fal g\u00f6stermek isteyen baylara, do\u011fan\u0131n en taze kokular\u0131&#8230;<\/p>","protected":false},"excerpt":{"rendered":"<p>Kendini g\u00fc\u00e7l\u00fc ve do\u011fal g\u00f6stermek isteyen baylara, do\u011fan\u0131n en taze kokular\u0131&#8230;<\/p>","protected":false},"featured_media":238,"comment_status":"closed","ping_status":"closed","template":"","meta":[],"product_brand":[],"product_cat":[16],"product_tag":[],"class_list":{"0":"post-90","1":"product","2":"type-product","3":"status-publish","4":"has-post-thumbnail","6":"product_cat-erkek-parfum","8":"first","9":"instock","10":"shipping-taxable","11":"purchasable","12":"product-type-simple"},"_links":{"self":[{"href":"https:\/\/charmens.com.tr\/en\/wp-json\/wp\/v2\/product\/90","targetHints":{"allow":["GET"]}}],"collection":[{"href":"https:\/\/charmens.com.tr\/en\/wp-json\/wp\/v2\/product"}],"about":[{"href":"https:\/\/charmens.com.tr\/en\/wp-json\/wp\/v2\/types\/product"}],"replies":[{"embeddable":true,"href":"https:\/\/charmens.com.tr\/en\/wp-json\/wp\/v2\/comments?post=90"}],"wp:featuredmedia":[{"embeddable":true,"href":"https:\/\/charmens.com.tr\/en\/wp-json\/wp\/v2\/media\/238"}],"wp:attachment":[{"href":"https:\/\/charmens.com.tr\/en\/wp-json\/wp\/v2\/media?parent=90"}],"wp:term":[{"taxonomy":"product_brand","embeddable":true,"href":"https:\/\/charmens.com.tr\/en\/wp-json\/wp\/v2\/product_brand?post=90"},{"taxonomy":"product_cat","embeddable":true,"href":"https:\/\/charmens.com.tr\/en\/wp-json\/wp\/v2\/product_cat?post=90"},{"taxonomy":"product_tag","embeddable":true,"href":"https:\/\/charmens.com.tr\/en\/wp-json\/wp\/v2\/product_tag?post=90"}],"curies":[{"name":"wp","href":"https:\/\/api.w.org\/{rel}","templated":true}]}}