{"id":93,"date":"2013-06-07T11:36:34","date_gmt":"2013-06-07T08:36:34","guid":{"rendered":"http:\/\/demo.woothemes.com\/woocommerce\/?post_type=product&#038;p=93"},"modified":"2021-04-05T16:11:31","modified_gmt":"2021-04-05T13:11:31","slug":"charmens-for-women-pen","status":"publish","type":"product","link":"https:\/\/charmens.com.tr\/en\/product\/charmens-for-women-pen\/","title":{"rendered":"Charmens for women &#8211; Kalem Parf\u00fcm  &#8211; 50 ml"},"content":{"rendered":"<p>Kendini hissettirmek isteyen bayanlara, do\u011fan\u0131n en taze kokular\u0131&#8230;<\/p>","protected":false},"excerpt":{"rendered":"<p>Kendini hissettirmek isteyen bayanlara, do\u011fan\u0131n en taze kokular\u0131&#8230;<\/p>","protected":false},"featured_media":240,"comment_status":"closed","ping_status":"closed","template":"","meta":[],"product_brand":[],"product_cat":[21],"product_tag":[30,28,29],"class_list":{"0":"post-93","1":"product","2":"type-product","3":"status-publish","4":"has-post-thumbnail","6":"product_cat-bayan-parfum","7":"product_tag-bayan-parfum","8":"product_tag-parfum","9":"product_tag-perfume","11":"first","12":"instock","13":"shipping-taxable","14":"purchasable","15":"product-type-simple"},"_links":{"self":[{"href":"https:\/\/charmens.com.tr\/en\/wp-json\/wp\/v2\/product\/93","targetHints":{"allow":["GET"]}}],"collection":[{"href":"https:\/\/charmens.com.tr\/en\/wp-json\/wp\/v2\/product"}],"about":[{"href":"https:\/\/charmens.com.tr\/en\/wp-json\/wp\/v2\/types\/product"}],"replies":[{"embeddable":true,"href":"https:\/\/charmens.com.tr\/en\/wp-json\/wp\/v2\/comments?post=93"}],"wp:featuredmedia":[{"embeddable":true,"href":"https:\/\/charmens.com.tr\/en\/wp-json\/wp\/v2\/media\/240"}],"wp:attachment":[{"href":"https:\/\/charmens.com.tr\/en\/wp-json\/wp\/v2\/media?parent=93"}],"wp:term":[{"taxonomy":"product_brand","embeddable":true,"href":"https:\/\/charmens.com.tr\/en\/wp-json\/wp\/v2\/product_brand?post=93"},{"taxonomy":"product_cat","embeddable":true,"href":"https:\/\/charmens.com.tr\/en\/wp-json\/wp\/v2\/product_cat?post=93"},{"taxonomy":"product_tag","embeddable":true,"href":"https:\/\/charmens.com.tr\/en\/wp-json\/wp\/v2\/product_tag?post=93"}],"curies":[{"name":"wp","href":"https:\/\/api.w.org\/{rel}","templated":true}]}}