{"id":96,"date":"2013-06-07T11:37:23","date_gmt":"2013-06-07T08:37:23","guid":{"rendered":"http:\/\/demo.woothemes.com\/woocommerce\/?post_type=product&#038;p=96"},"modified":"2021-04-25T16:27:58","modified_gmt":"2021-04-25T13:27:58","slug":"charmens-for-men","status":"publish","type":"product","link":"https:\/\/charmens.com.tr\/en\/product\/charmens-for-men\/","title":{"rendered":"Charmens for men &#8211; 50 ml"},"content":{"rendered":"<p>Kendini g\u00fc\u00e7l\u00fc ve do\u011fal g\u00f6stermek isteyen baylara, do\u011fan\u0131n en taze kokular\u0131&#8230;<\/p>\n<p>24 \u00e7e\u015fit erkek parf\u00fcm<\/p>","protected":false},"excerpt":{"rendered":"<p>Kendini g\u00fc\u00e7l\u00fc ve do\u011fal g\u00f6stermek isteyen baylara, do\u011fan\u0131n en taze kokular\u0131&#8230;<\/p>","protected":false},"featured_media":399,"comment_status":"closed","ping_status":"closed","template":"","meta":[],"product_brand":[],"product_cat":[16],"product_tag":[27,28,29],"class_list":{"0":"post-96","1":"product","2":"type-product","3":"status-publish","4":"has-post-thumbnail","6":"product_cat-erkek-parfum","7":"product_tag-erkek-parfum","8":"product_tag-parfum","9":"product_tag-perfume","11":"first","12":"instock","13":"shipping-taxable","14":"purchasable","15":"product-type-simple"},"_links":{"self":[{"href":"https:\/\/charmens.com.tr\/en\/wp-json\/wp\/v2\/product\/96","targetHints":{"allow":["GET"]}}],"collection":[{"href":"https:\/\/charmens.com.tr\/en\/wp-json\/wp\/v2\/product"}],"about":[{"href":"https:\/\/charmens.com.tr\/en\/wp-json\/wp\/v2\/types\/product"}],"replies":[{"embeddable":true,"href":"https:\/\/charmens.com.tr\/en\/wp-json\/wp\/v2\/comments?post=96"}],"wp:featuredmedia":[{"embeddable":true,"href":"https:\/\/charmens.com.tr\/en\/wp-json\/wp\/v2\/media\/399"}],"wp:attachment":[{"href":"https:\/\/charmens.com.tr\/en\/wp-json\/wp\/v2\/media?parent=96"}],"wp:term":[{"taxonomy":"product_brand","embeddable":true,"href":"https:\/\/charmens.com.tr\/en\/wp-json\/wp\/v2\/product_brand?post=96"},{"taxonomy":"product_cat","embeddable":true,"href":"https:\/\/charmens.com.tr\/en\/wp-json\/wp\/v2\/product_cat?post=96"},{"taxonomy":"product_tag","embeddable":true,"href":"https:\/\/charmens.com.tr\/en\/wp-json\/wp\/v2\/product_tag?post=96"}],"curies":[{"name":"wp","href":"https:\/\/api.w.org\/{rel}","templated":true}]}}